{"id":69,"date":"2020-03-22T19:33:41","date_gmt":"2020-03-22T19:33:41","guid":{"rendered":"http:\/\/sv-performance.de\/?page_id=69"},"modified":"2021-01-22T09:01:47","modified_gmt":"2021-01-22T09:01:47","slug":"getriebespuelung","status":"publish","type":"page","link":"https:\/\/sv-performance.de\/?page_id=69","title":{"rendered":"Getriebeservice"},"content":{"rendered":"\n<p><\/p>\n\n\n<h2 class=\"page-header\">Der Professionelle Getriebeservice<\/h2>\n<h4>Bei Ihrem DSG, CVT- oder Automatikgetriebe hat sich \u00fcber einen l\u00e4ngeren Zeitraum intensiver Nutzung allm\u00e4hlich das Schaltverhalten verschlechtert?<\/h4>\n<h4>Die einzelnen G\u00e4nge werden zu weit ausgefahren, Schaltvorg\u00e4nge sind unplausibel oder das Fahrzeug ruckelt zum Beispiel beim Einparken oder Anhalten an der Kreuzung?<\/h4>\n<h2>Motul als L\u00f6sung f\u00fcr die Sp\u00fclung Ihres Automatikgetriebes<\/h2>\n<h4>Meist sind Verschmutzungen des Getriebes und Verschlei\u00df des Getriebe\u00f6ls die Ursache f\u00fcr eine verschlechterte Schaltperformance. Ein professioneller Getriebeservice, auch bei Fahrzeugen mit Lebensdauerf\u00fcllung, schafft hier wirkungsvoll Abhilfe. Der MotulEvo Getriebeservice umfasst Leistungen wie Getriebesp\u00fclungen, Getriebe\u00f6lwechsel und Automatikgetriebe\u00f6lwechsel.<\/h4>\n<h4>Eine verbesserte Schaltperformance steigert den Fahrkomfort und die Effizienz. Deshalb empfehlen wir: F\u00fchren Sie regelm\u00e4\u00dfig einen Getriebe\u00f6lservice samt Getriebesp\u00fclung und Getriebe\u00f6lwechsel durch \u2013 f\u00fcr einen optimalen Schutz, eine lange Lebensdauer und ein verbessertes Fahrerlebnis. &nbsp;<\/h4>\n<h4 id=\"1950785986\" class=\"dmNewParagraph\" data-dmtmpl=\"true\"><span class=\"size-18 lh-1\"><b>Wartung und Pflege beugt&nbsp;&nbsp;teurem Getriebeschaden vor.<br><span class=\"size-12 lh-1\">Moderne Fahrzeuge werden immer h\u00e4ufiger mit Automatik-, CVT- und Direktschaltgetrieben ausger\u00fcstet. Wenn fr\u00fcher ein Automatikgetriebe &#8222;wartungsfrei&#8220; war, so bedarf es heute regelm\u00e4\u00dfiger Wartungen. Die Nachfrage nach Wartung und Pflege dieser Getriebe nimmt stetig zu. Um unseren Kunden einen &#8222;Rund-Um-Service&#8220; zu garantieren, sind wir Motul Evo-Partner geworden.<\/span><br><\/b><\/span><\/h4>\n<h4 id=\"1089818783\" class=\"dmNewParagraph\" data-dmtmpl=\"true\"><span class=\"size-18 lh-1\"><b>Wie funktioniert die Motul-Evo Getriebesp\u00fclung?<\/b><\/span><\/h4>\n<h4 class=\"dmNewParagraph\" data-dmtmpl=\"true\"><span class=\"size-18 lh-1\"><b><br><\/b><span class=\"size-12 lh-1\">Bei vielen herk\u00f6mmlichen, manuellen \u00d6lwechsel verbleiben 35-40% des Alt\u00f6ls im Getriebe!!! Altes \u00d6l verschlei\u00dft Ihr Getriebe jedoch schneller und f\u00fchrt zu Fehlfunktionen Ihres Automatikgetriebes. Das Schaltverhalten verschlechtert sich und im schlimmsten Fall treten Getriebesch\u00e4den auf. Einzelne werden zu sp\u00e4t geschaltet, der Motor dreht h\u00f6her, der Kraftstoffverbrauch&nbsp; und Motorverschlei\u00df steigen.<p><\/p>\n<p>Mit dem MotulEvo ATM 0915 Konzept beugen Sie Getriebesch\u00e4den vor. Das gesamte Alt\u00f6l wird aus dem Getriebe entfernt, sowie Ablagerung, Verschmutzungen und Abrieb. Das vollautomatische Sp\u00fclger\u00e4t reinigt Ihr Getriebe mit verschiedenen mineralischen Additiven und f\u00fcllt automatisch, die vom Hersteller vorgeschriebene Automatik\u00f6lmenge wieder auf. Das Getriebe kann sein volles Leistungsverm\u00f6gen entfalten. Der Fahrkomfort und die Effizienz werden durch saubere und optimierte Schaltvorg\u00e4nge gesteigert.<\/p><\/span><\/span><\/h4>\n<h4>&nbsp;<\/h4>\n\n\n<div class=\"wp-block-group\"><div class=\"wp-block-group__inner-container is-layout-flow wp-block-group-is-layout-flow\">\n<figure class=\"wp-block-embed is-type-video is-provider-youtube wp-block-embed-youtube wp-embed-aspect-16-9 wp-has-aspect-ratio\"><div class=\"wp-block-embed__wrapper\">\n<div class='embed-container'><iframe title=\"MotulEvo Getriebesp\u00fclung Kfz Meisterbetrie Akbulut in T\u00fcbingen\" width=\"1920\" height=\"1080\" src=\"https:\/\/www.youtube.com\/embed\/aQKHh66OL50?feature=oembed\" frameborder=\"0\" allow=\"accelerometer; autoplay; clipboard-write; encrypted-media; gyroscope; picture-in-picture\" allowfullscreen><\/iframe><\/div>\n<\/div><\/figure>\n<\/div><\/div>\n\n\n<div class=\"wpforms-container wpforms-container-full wpforms-block\" id=\"wpforms-248\"><form id=\"wpforms-form-248\" class=\"wpforms-validate wpforms-form\" data-formid=\"248\" method=\"post\" enctype=\"multipart\/form-data\" action=\"\/index.php?rest_route=%2Fwp%2Fv2%2Fpages%2F69\" data-token=\"95a27bb5b9580b7920a9fc7c83083824\" data-token-time=\"1775277319\"><noscript class=\"wpforms-error-noscript\">Bitte aktiviere JavaScript in deinem Browser, um dieses Formular fertigzustellen.<\/noscript><div class=\"wpforms-field-container\"><div id=\"wpforms-248-field_0-container\" class=\"wpforms-field wpforms-field-name\" data-field-id=\"0\"><label class=\"wpforms-field-label\">Name <span class=\"wpforms-required-label\">*<\/span><\/label><div class=\"wpforms-field-row wpforms-field-medium\"><div class=\"wpforms-field-row-block wpforms-first wpforms-one-half\"><input type=\"text\" id=\"wpforms-248-field_0\" class=\"wpforms-field-name-first wpforms-field-required\" name=\"wpforms[fields][0][first]\" required><label for=\"wpforms-248-field_0\" class=\"wpforms-field-sublabel after\">Vorname<\/label><\/div><div class=\"wpforms-field-row-block wpforms-one-half\"><input type=\"text\" id=\"wpforms-248-field_0-last\" class=\"wpforms-field-name-last wpforms-field-required\" name=\"wpforms[fields][0][last]\" required><label for=\"wpforms-248-field_0-last\" class=\"wpforms-field-sublabel after\">Nachname<\/label><\/div><\/div><\/div><div id=\"wpforms-248-field_1-container\" class=\"wpforms-field wpforms-field-email\" data-field-id=\"1\"><label class=\"wpforms-field-label\" for=\"wpforms-248-field_1\">E-Mail <span class=\"wpforms-required-label\">*<\/span><\/label><input type=\"email\" id=\"wpforms-248-field_1\" class=\"wpforms-field-medium wpforms-field-required\" name=\"wpforms[fields][1]\" spellcheck=\"false\" required><\/div><div id=\"wpforms-248-field_2-container\" class=\"wpforms-field wpforms-field-textarea\" data-field-id=\"2\"><label class=\"wpforms-field-label\" for=\"wpforms-248-field_2\">Nachricht <span class=\"wpforms-required-label\">*<\/span><\/label><textarea id=\"wpforms-248-field_2\" class=\"wpforms-field-medium wpforms-field-required\" name=\"wpforms[fields][2]\" required><\/textarea><\/div><\/div><!-- .wpforms-field-container --><div class=\"wpforms-submit-container\" ><input type=\"hidden\" name=\"wpforms[id]\" value=\"248\"><input type=\"hidden\" name=\"page_title\" value=\"\"><input type=\"hidden\" name=\"page_url\" value=\"https:\/\/sv-performance.de\/index.php?rest_route=\/wp\/v2\/pages\/69\"><input type=\"hidden\" name=\"url_referer\" value=\"\"><button type=\"submit\" name=\"wpforms[submit]\" id=\"wpforms-submit-248\" class=\"wpforms-submit\" data-alt-text=\"Senden...\" data-submit-text=\"Absenden\" aria-live=\"assertive\" value=\"wpforms-submit\">Absenden<\/button><\/div><\/form><\/div>  <!-- .wpforms-container -->","protected":false},"excerpt":{"rendered":"<p>Der Professionelle Getriebeservice Bei Ihrem DSG, CVT- oder Automatikgetriebe hat sich \u00fcber einen l\u00e4ngeren Zeitraum intensiver Nutzung allm\u00e4hlich das Schaltverhalten verschlechtert? Die einzelnen G\u00e4nge werden zu weit ausgefahren, Schaltvorg\u00e4nge sind unplausibel oder das Fahrzeug ruckelt zum Beispiel beim Einparken oder Anhalten an der Kreuzung? Motul als L\u00f6sung f\u00fcr die Sp\u00fclung Ihres Automatikgetriebes Meist sind Verschmutzungen&hellip; <br \/> <a class=\"read-more\" href=\"https:\/\/sv-performance.de\/?page_id=69\">Read more<\/a><\/p>\n","protected":false},"author":1,"featured_media":0,"parent":167,"menu_order":0,"comment_status":"closed","ping_status":"closed","template":"","meta":{"footnotes":""},"class_list":["post-69","page","type-page","status-publish","hentry"],"_links":{"self":[{"href":"https:\/\/sv-performance.de\/index.php?rest_route=\/wp\/v2\/pages\/69","targetHints":{"allow":["GET"]}}],"collection":[{"href":"https:\/\/sv-performance.de\/index.php?rest_route=\/wp\/v2\/pages"}],"about":[{"href":"https:\/\/sv-performance.de\/index.php?rest_route=\/wp\/v2\/types\/page"}],"author":[{"embeddable":true,"href":"https:\/\/sv-performance.de\/index.php?rest_route=\/wp\/v2\/users\/1"}],"replies":[{"embeddable":true,"href":"https:\/\/sv-performance.de\/index.php?rest_route=%2Fwp%2Fv2%2Fcomments&post=69"}],"version-history":[{"count":14,"href":"https:\/\/sv-performance.de\/index.php?rest_route=\/wp\/v2\/pages\/69\/revisions"}],"predecessor-version":[{"id":249,"href":"https:\/\/sv-performance.de\/index.php?rest_route=\/wp\/v2\/pages\/69\/revisions\/249"}],"up":[{"embeddable":true,"href":"https:\/\/sv-performance.de\/index.php?rest_route=\/wp\/v2\/pages\/167"}],"wp:attachment":[{"href":"https:\/\/sv-performance.de\/index.php?rest_route=%2Fwp%2Fv2%2Fmedia&parent=69"}],"curies":[{"name":"wp","href":"https:\/\/api.w.org\/{rel}","templated":true}]}}