{"id":64,"date":"2020-03-22T19:32:33","date_gmt":"2020-03-22T19:32:33","guid":{"rendered":"http:\/\/sv-performance.de\/?page_id=64"},"modified":"2020-04-06T09:06:31","modified_gmt":"2020-04-06T09:06:31","slug":"dellendoktor","status":"publish","type":"page","link":"https:\/\/sv-performance.de\/?page_id=64","title":{"rendered":"Dellendoktor"},"content":{"rendered":"<h4><span style=\"color: #000000;\">Unsere Dellentechnik erm\u00f6glicht eine Reparatur ohne Verletzung der Lackoberfl\u00e4che. Ohne das eine Lackierung n\u00f6tig ist, entfernen wir alle Dellen und Beulen an Ihrem Fahrzeug. <\/span><\/h4>\n<h4><span style=\"color: #000000;\">Mit kombinierten Methoden der Druck , Zieh- und Klebetechnik und spezial Werkzeugen formen wir die Dellen und Beulen an Ihrem Autoteil wieder in die urspr\u00fcngliche Form zur\u00fcck. <\/span><\/h4>\n<h4><span style=\"color: #000000;\">Der Originallack am Fahrzeug bleibt erhalten und der Wert Ihres Kfz wird nicht durch Dellen oder Beulen gemindert.<\/span><\/h4>\n<h4><span style=\"color: #000000;\">ab 50 Euro<\/span><\/h4>\n","protected":false},"excerpt":{"rendered":"<p>Unsere Dellentechnik erm\u00f6glicht eine Reparatur ohne Verletzung der Lackoberfl\u00e4che. Ohne das eine Lackierung n\u00f6tig ist, entfernen wir alle Dellen und Beulen an Ihrem Fahrzeug. Mit kombinierten Methoden der Druck , Zieh- und Klebetechnik und spezial Werkzeugen formen wir die Dellen und Beulen an Ihrem Autoteil wieder in die urspr\u00fcngliche Form zur\u00fcck. Der Originallack am Fahrzeug&hellip; <br \/> <a class=\"read-more\" href=\"https:\/\/sv-performance.de\/?page_id=64\">Read more<\/a><\/p>\n","protected":false},"author":1,"featured_media":0,"parent":167,"menu_order":0,"comment_status":"closed","ping_status":"closed","template":"","meta":{"footnotes":""},"class_list":["post-64","page","type-page","status-publish","hentry"],"_links":{"self":[{"href":"https:\/\/sv-performance.de\/index.php?rest_route=\/wp\/v2\/pages\/64","targetHints":{"allow":["GET"]}}],"collection":[{"href":"https:\/\/sv-performance.de\/index.php?rest_route=\/wp\/v2\/pages"}],"about":[{"href":"https:\/\/sv-performance.de\/index.php?rest_route=\/wp\/v2\/types\/page"}],"author":[{"embeddable":true,"href":"https:\/\/sv-performance.de\/index.php?rest_route=\/wp\/v2\/users\/1"}],"replies":[{"embeddable":true,"href":"https:\/\/sv-performance.de\/index.php?rest_route=%2Fwp%2Fv2%2Fcomments&post=64"}],"version-history":[{"count":2,"href":"https:\/\/sv-performance.de\/index.php?rest_route=\/wp\/v2\/pages\/64\/revisions"}],"predecessor-version":[{"id":218,"href":"https:\/\/sv-performance.de\/index.php?rest_route=\/wp\/v2\/pages\/64\/revisions\/218"}],"up":[{"embeddable":true,"href":"https:\/\/sv-performance.de\/index.php?rest_route=\/wp\/v2\/pages\/167"}],"wp:attachment":[{"href":"https:\/\/sv-performance.de\/index.php?rest_route=%2Fwp%2Fv2%2Fmedia&parent=64"}],"curies":[{"name":"wp","href":"https:\/\/api.w.org\/{rel}","templated":true}]}}