{"id":58,"date":"2020-03-22T19:28:54","date_gmt":"2020-03-22T19:28:54","guid":{"rendered":"http:\/\/sv-performance.de\/?page_id=58"},"modified":"2020-04-06T09:05:44","modified_gmt":"2020-04-06T09:05:44","slug":"scheibentoenung","status":"publish","type":"page","link":"https:\/\/sv-performance.de\/?page_id=58","title":{"rendered":"Scheibent\u00f6nung"},"content":{"rendered":"<h4><span style=\"color: #000000;\"><strong>Professionelle Scheibent\u00f6nung mit den hochwertigen T\u00f6nungsfolien aus dem Hause SunTec.<\/strong><\/span><\/h4>\n<h4><span style=\"color: #000000;\">Egal welche T\u00f6nungsstufe ob Audi BMW oder Mercedes\u2026<\/span><br \/>\n<span style=\"color: #000000;\">DIE FOLIE IST EINTRAGUNGSFREI INKL AGB !!!<\/span><\/h4>\n<h4><span style=\"color: #000000;\">Wir verarbeiten ausschlie\u00dflich Markenfolien. Dadurch sind eine langj\u00e4hrige Garantie (bis zu 10 Jahre) und hoher Qualit\u00e4tsstandard gegeben.<\/span><\/h4>\n<h4><span style=\"color: #000000;\"><strong>Eine Scheibent\u00f6nung bietet folgende Vorteile:<\/strong><\/span><br \/>\n<span style=\"color: #000000;\">\u2013 Hitzeschutz: wirksame Unterst\u00fctzung der Klimaanlage.<\/span><\/h4>\n<h4><span style=\"color: #000000;\">\u2013 UV-Schutz: zu 99% Ausfilterung der meist sch\u00e4dlichen UV-Strahlung.<\/span><\/h4>\n<h4><span style=\"color: #000000;\">\u2013 Sicherheit: Die innen aufgebrachte Folie kann wirksam Schutz vor Splitterbildung bei Unf\u00e4llen bieten.<\/span><\/h4>\n<h4><span style=\"color: #000000;\">\u2013 Sichtschutz: Sehr erschwerte, fast unm\u00f6gliche Durchsicht von au\u00dfen sch\u00fctzt auch wertvolles Transportgut.<\/span><\/h4>\n<h4><span style=\"color: #000000;\">Wir verarbeiten dabei 5 T\u00f6nungsgrade. 5%, 15% und 35% Lichtdurchl\u00e4ssigkeit.<\/span><\/h4>\n<h4><span style=\"color: #000000;\"><strong>Die Preise im \u00dcberblick (unverbindliche Richtpreise):<\/strong><\/span><\/h4>\n<h4><span style=\"color: #000000;\">\u2013 2\/3-T\u00fcrer kleine Heckscheibe ( &gt;50 cm H\u00f6he): 139,- Euro<\/span><br \/>\n<span style=\"color: #000000;\">\u2013 2\/3-T\u00fcrer gro\u00dfe Heckscheibe (&lt; 50 cm H\u00f6he): 169,- Euro<\/span><br \/>\n<span style=\"color: #000000;\">\u2013 4-T\u00fcrer Limousine: 199,- Euro<\/span><br \/>\n<span style=\"color: #000000;\">\u2013 5-T\u00fcrer Kombi: 219,- Euro<\/span><br \/>\n<span style=\"color: #000000;\">\u2013 SUV 5 Scheiben: 219,- Euro<\/span><br \/>\n<span style=\"color: #000000;\">\u2013 SUV 7 Scheiben: 239,- Euro<\/span><br \/>\n<span style=\"color: #000000;\">\u2013 Bus: 239,- Euro<\/span><\/h4>\n","protected":false},"excerpt":{"rendered":"<p>Professionelle Scheibent\u00f6nung mit den hochwertigen T\u00f6nungsfolien aus dem Hause SunTec. Egal welche T\u00f6nungsstufe ob Audi BMW oder Mercedes\u2026 DIE FOLIE IST EINTRAGUNGSFREI INKL AGB !!! Wir verarbeiten ausschlie\u00dflich Markenfolien. Dadurch sind eine langj\u00e4hrige Garantie (bis zu 10 Jahre) und hoher Qualit\u00e4tsstandard gegeben. Eine Scheibent\u00f6nung bietet folgende Vorteile: \u2013 Hitzeschutz: wirksame Unterst\u00fctzung der Klimaanlage. \u2013 UV-Schutz:&hellip; <br \/> <a class=\"read-more\" href=\"https:\/\/sv-performance.de\/?page_id=58\">Read more<\/a><\/p>\n","protected":false},"author":1,"featured_media":0,"parent":167,"menu_order":0,"comment_status":"closed","ping_status":"closed","template":"","meta":{"footnotes":""},"class_list":["post-58","page","type-page","status-publish","hentry"],"_links":{"self":[{"href":"https:\/\/sv-performance.de\/index.php?rest_route=\/wp\/v2\/pages\/58","targetHints":{"allow":["GET"]}}],"collection":[{"href":"https:\/\/sv-performance.de\/index.php?rest_route=\/wp\/v2\/pages"}],"about":[{"href":"https:\/\/sv-performance.de\/index.php?rest_route=\/wp\/v2\/types\/page"}],"author":[{"embeddable":true,"href":"https:\/\/sv-performance.de\/index.php?rest_route=\/wp\/v2\/users\/1"}],"replies":[{"embeddable":true,"href":"https:\/\/sv-performance.de\/index.php?rest_route=%2Fwp%2Fv2%2Fcomments&post=58"}],"version-history":[{"count":2,"href":"https:\/\/sv-performance.de\/index.php?rest_route=\/wp\/v2\/pages\/58\/revisions"}],"predecessor-version":[{"id":217,"href":"https:\/\/sv-performance.de\/index.php?rest_route=\/wp\/v2\/pages\/58\/revisions\/217"}],"up":[{"embeddable":true,"href":"https:\/\/sv-performance.de\/index.php?rest_route=\/wp\/v2\/pages\/167"}],"wp:attachment":[{"href":"https:\/\/sv-performance.de\/index.php?rest_route=%2Fwp%2Fv2%2Fmedia&parent=58"}],"curies":[{"name":"wp","href":"https:\/\/api.w.org\/{rel}","templated":true}]}}