{"id":5,"date":"2020-03-22T10:13:57","date_gmt":"2020-03-22T10:13:57","guid":{"rendered":"http:\/\/sv-performance.de\/?page_id=5"},"modified":"2025-09-29T08:18:41","modified_gmt":"2025-09-29T08:18:41","slug":"empowerwp-pro","status":"publish","type":"page","link":"https:\/\/sv-performance.de\/","title":{"rendered":"Startseite"},"content":{"rendered":"<div  id=\"overlappable-1\" class=\"overlappable-7-mc content-section content-section-spacing\" data-label=\"Overlappable\" data-id=\"overlappable-7-mc\" data-export-id=\"overlappable-7-mc\" data-category=\"overlappable\" data-overlap=\"true\">\n<div  class=\"gridContainer\">\n<div  class=\"row shadow\" data-type=\"row\">\n<div  class=\"col-xs-12 col-sm-6 col-padding-small col-padding-small-xs bg-color-white col-md-2 \">\n<div  class=\"text-center\">\n<div  class=\"col-xs-12 col-sm-fit space-bottom-small-xs\" data-preview-empty=\"1\"><\/div>\n<div  class=\"col-xs-12 col-sm\" data-type=\"column\"><a  class=\"\" href=\"#\" data-cp-link=\"1\"><img  decoding=\"async\" class=\"custom-image\" title=\"Werkstatt\" src=\"http:\/\/sv-performance.de\/wp-content\/uploads\/2020\/03\/Werkstatt.png\" alt=\"\"><\/a>\n<h4  class=\"\">Service&nbsp; Inspection<\/h4>\n<p  class=\"\"><\/p>\n\n<\/div>\n<\/div>\n<\/div>\n<div  class=\"col-xs-12 col-sm-6 col-padding-small col-padding-small-xs bg-color-white col-md-2 \">\n<div  class=\"text-center\">\n<div  class=\"col-xs-12 col-sm-fit space-bottom-small-xs\" data-preview-empty=\"1\"><\/div>\n<div  class=\"col-xs-12 col-sm\" data-type=\"column\"><a  class=\"\" href=\"https:\/\/sv-performance.de?page_id=50\" target=\"_self\" rel=\"noopener noreferrer\" data-cp-link=\"1\"><img  decoding=\"async\" class=\"custom-image\" title=\"Chip Tuning\" src=\"https:\/\/sv-performance.de\/wp-content\/uploads\/2025\/07\/ed0a80a3-193c-4927-a934-38114c484942-0.png\" alt=\"\"><\/a>\n<h4  class=\"\">Chip Tuning<\/h4>\n<\/div>\n<\/div>\n<\/div>\n<div  class=\"col-xs-12 col-sm-6 col-padding-small col-padding-small-xs bg-color-white col-md-2 \">\n<div  class=\"text-center\">\n<div  class=\"col-xs-12 col-sm-fit space-bottom-small-xs\" data-preview-empty=\"1\"><\/div>\n<div  class=\"col-xs-12 col-sm\" data-type=\"column\"><a  class=\"\" href=\"https:\/\/sv-performance.de?page_id=69\" target=\"_self\" rel=\"noopener noreferrer\" data-cp-link=\"1\"><img  decoding=\"async\" class=\"custom-image\" title=\"Getriebesp\u00fclung\" src=\"http:\/\/sv-performance.de\/wp-content\/uploads\/2020\/03\/Getriebesp%C3%BClung.png\" alt=\"\"><\/a>\n<h4  class=\"\"><span  style=\"font-weight: 600;\">Getriebesp\u00fclung<\/span><\/h4>\n<p  class=\"\"><\/p>\n\n<\/div>\n<\/div>\n<\/div>\n<div  class=\"col-xs-12 col-sm-6 col-padding-small col-padding-small-xs bg-color-white col-md-2 \">\n<div  class=\"text-center\">\n<div  class=\"col-xs-12 col-sm-fit space-bottom-small-xs\" data-preview-empty=\"1\"><\/div>\n<div  class=\"col-xs-12 col-sm\" data-type=\"column\"><img  decoding=\"async\" class=\"custom-image\" title=\"FahrwerkBremsen\" src=\"http:\/\/sv-performance.de\/wp-content\/uploads\/2020\/03\/FahrwerkBremsen.png\" alt=\"\">\n<h4  class=\"\">Fahrwerk Bremsen<\/h4>\n<\/div>\n<\/div>\n<\/div>\n<div  class=\"col-xs-12 col-sm-6 col-padding-small col-padding-small-xs bg-color-white col-md-2 \">\n<div  class=\"text-center\">\n<div  class=\"col-xs-12 col-sm-fit space-bottom-small-xs\" data-preview-empty=\"1\"><\/div>\n<div  class=\"col-xs-12 col-sm\" data-type=\"column\">\n\n<img  decoding=\"async\" class=\"custom-image\" title=\"Anzeigen\" src=\"http:\/\/sv-performance.de\/wp-content\/uploads\/2020\/03\/Anzeigen.png\" alt=\"\">\n<h4  class=\"\">Steuerkette Kopfdichtung<\/h4>\n<\/div>\n<\/div>\n<\/div>\n<div  class=\"col-xs-12 col-sm-6 col-padding-small col-padding-small-xs bg-color-white col-md-2 \">\n<div  class=\"text-center\">\n<div  class=\"col-xs-12 col-sm-fit space-bottom-small-xs\" data-preview-empty=\"1\"><\/div>\n<div  class=\"col-xs-12 col-sm\" data-type=\"column\"><a  class=\"\" href=\"https:\/\/sv-performance.de?page_id=61\" target=\"_self\" rel=\"noopener noreferrer\" data-cp-link=\"1\"><img  decoding=\"async\" class=\"custom-image\" title=\"Autotransport\" src=\"http:\/\/sv-performance.de\/wp-content\/uploads\/2020\/03\/Autotransport.png\" alt=\"\"><\/a>\n<h4  class=\"\">Autotransport<\/h4>\n<\/div>\n<\/div>\n<\/div>\n<\/div>\n<\/div>\n<\/div><div  id=\"about-1\" class=\"about-images-right-section content-section content-section-spacing\" style=\"background-color: #ffffff;\" data-label=\"About\" data-id=\"about-images-right-section-mc\" data-export-id=\"about-images-right-section-mc\" data-category=\"about\">\n<div  class=\"gridContainer\">\n<div  class=\"row middle-sm text-center\">\n<div  class=\"col-sm-5 content-left-sm\" data-type=\"column\">\n<h2  class=\"\"><span  style=\"font-family: 'arial black', sans-serif;\">Herzlich Willkommen<\/span><\/h2>\n<h4  class=\"\">Herzlich willkommen bei Ihrem zuverl\u00e4ssigen<\/h4>\nKfz-Werkstatt in Grafenw\u00f6hr!\n\n\u00d6ffnungszeiten:\n<ul  class=\"\">\n \t<li ><span  style=\"font-size: inherit;\">Montag:&nbsp; &nbsp; &nbsp; &nbsp; &nbsp;17:15-21:00<\/span><\/li>\n \t<li >Dienstag:&nbsp; &nbsp; &nbsp; &nbsp;17:15-21:00<\/li>\n \t<li >Mittwoch:&nbsp; &nbsp; &nbsp; 17:15-21:00<\/li>\n \t<li >Donnerstag:&nbsp; 17:15-21:00<\/li>\n \t<li >Freitag:&nbsp; &nbsp; &nbsp; &nbsp; &nbsp; 09:00-14:00<\/li>\n \t<li >Samstag:&nbsp; &nbsp; &nbsp; &nbsp; nach Vereinbarung<\/li>\n<\/ul>\n<h3  class=\"\"><span  style=\"font-family: 'arial black', sans-serif;\">Freundlich \u2013 Fair \u2013 Preiswert<\/span><\/h3>\n<img  decoding=\"async\" class=\"custom-image\" title=\"SV_Performance-e1585172684601\" src=\"http:\/\/sv-performance.de\/wp-content\/uploads\/2020\/03\/SV_Performance-e1585172684601-1.png\" alt=\"\">\n\n<\/div>\n<div  class=\"col-sm-7 space-bottom-xs\">\n<div  class=\"image-group-side-3-img\"><img  decoding=\"async\" class=\"topimg shadow-large\" title=\"cropped-BILD006-scaled-1.jpg\" src=\"http:\/\/sv-performance.de\/wp-content\/uploads\/2020\/03\/cropped-BILD006-scaled-1.jpg\" alt=\"\"> <img  decoding=\"async\" class=\"rightimg shadow-large\" title=\"cropped-schmidt.jpg\" src=\"http:\/\/sv-performance.de\/wp-content\/uploads\/2020\/03\/cropped-schmidt-1.jpg\" alt=\"\">\n<div  class=\"leftimg\"><img  decoding=\"async\" class=\"shadow-large\" title=\"cropped-WhatsApp-Image-2020-03-29-at-12.43.19.jpeg\" src=\"http:\/\/sv-performance.de\/wp-content\/uploads\/2020\/03\/cropped-WhatsApp-Image-2020-03-29-at-12.43.19.jpeg\" alt=\"\"><\/div>\n<\/div>\n<\/div>\n<\/div>\n<\/div>\n<\/div>","protected":false},"excerpt":{"rendered":"<p>Service&nbsp; Inspection Chip Tuning Getriebesp\u00fclung Fahrwerk Bremsen Steuerkette Kopfdichtung Autotransport Herzlich Willkommen Herzlich willkommen bei Ihrem zuverl\u00e4ssigen Kfz-Werkstatt in Grafenw\u00f6hr! \u00d6ffnungszeiten: Montag:&nbsp; &nbsp; &nbsp; &nbsp; &nbsp;17:15-21:00 Dienstag:&nbsp; &nbsp; &nbsp; &nbsp;17:15-21:00 Mittwoch:&nbsp; &nbsp; &nbsp; 17:15-21:00 Donnerstag:&nbsp; 17:15-21:00 Freitag:&nbsp; &nbsp; &nbsp; &nbsp; &nbsp; 09:00-14:00 Samstag:&nbsp; &nbsp; &nbsp; &nbsp; nach Vereinbarung Freundlich \u2013 Fair \u2013 Preiswert<\/p>\n","protected":false},"author":1,"featured_media":0,"parent":0,"menu_order":1,"comment_status":"closed","ping_status":"closed","template":"","meta":{"footnotes":""},"class_list":["post-5","page","type-page","status-publish","hentry"],"_links":{"self":[{"href":"https:\/\/sv-performance.de\/index.php?rest_route=\/wp\/v2\/pages\/5","targetHints":{"allow":["GET"]}}],"collection":[{"href":"https:\/\/sv-performance.de\/index.php?rest_route=\/wp\/v2\/pages"}],"about":[{"href":"https:\/\/sv-performance.de\/index.php?rest_route=\/wp\/v2\/types\/page"}],"author":[{"embeddable":true,"href":"https:\/\/sv-performance.de\/index.php?rest_route=\/wp\/v2\/users\/1"}],"replies":[{"embeddable":true,"href":"https:\/\/sv-performance.de\/index.php?rest_route=%2Fwp%2Fv2%2Fcomments&post=5"}],"version-history":[{"count":50,"href":"https:\/\/sv-performance.de\/index.php?rest_route=\/wp\/v2\/pages\/5\/revisions"}],"predecessor-version":[{"id":490,"href":"https:\/\/sv-performance.de\/index.php?rest_route=\/wp\/v2\/pages\/5\/revisions\/490"}],"wp:attachment":[{"href":"https:\/\/sv-performance.de\/index.php?rest_route=%2Fwp%2Fv2%2Fmedia&parent=5"}],"curies":[{"name":"wp","href":"https:\/\/api.w.org\/{rel}","templated":true}]}}