{"id":162,"date":"2020-04-05T20:02:49","date_gmt":"2020-04-05T20:02:49","guid":{"rendered":"http:\/\/sv-performance.de\/?page_id=162"},"modified":"2020-05-02T07:10:29","modified_gmt":"2020-05-02T07:10:29","slug":"impressum","status":"publish","type":"page","link":"https:\/\/sv-performance.de\/?page_id=162","title":{"rendered":"Impressum"},"content":{"rendered":"<p><span style=\"color: #000000;\">Impressum<\/span><\/p>\n<p><span style=\"color: #000000;\">Angaben gem\u00e4\u00df \u00a7 5 TMG:<\/span><\/p>\n<p><span style=\"color: #000000;\">Stefan Vinitsky<\/span><\/p>\n<p><span style=\"color: #000000;\">Thumbachstr. 18<\/span><br \/>\n<span style=\"color: #000000;\">92655 Grafenw\u00f6hr<\/span><\/p>\n<p><span style=\"color: #000000;\">Telefon: 01608107212<\/span><br \/>\n<span style=\"color: #000000;\">Web: www.sv-performance.de<\/span><br \/>\n<span style=\"color: #000000;\">E-Mail: info@sv-performance.de<\/span><\/p>\n<p><span style=\"color: #000000;\">Gesch\u00e4ftsf\u00fchrer: Stefan Vinitsky<\/span><\/p>\n<p><span style=\"color: #000000;\">Umsatzsteuer-Identifikationsnummer gem\u00e4\u00df \u00a7 27 a Umsatzsteuergesetz: DE291144947<\/span><\/p>\n<p><span style=\"color: #000000;\">Aufsichtsbeh\u00f6rde:<\/span><\/p>\n<p><span style=\"color: #000000;\">Landratsamt Neustadt a.d. Waldnaab<\/span><\/p>\n<p><b>Haftungsausschluss \/ Disclaimer<\/b><br \/>\nDie bereitgestellten Informationen auf dieser Website wurden sorgf\u00e4ltig gepr\u00fcft und werden regelm\u00e4\u00dfig aktualisiert. Jedoch kann keine Garantie daf\u00fcr \u00fcbernommen werden, dass alle Angaben zu jeder Zeit vollst\u00e4ndig, richtig und in letzter Aktualit\u00e4t dargestellt sind. Dies gilt insbesondere f\u00fcr alle Links zu anderen Websites, auf die direkt oder indirekt verwiesen wird. Alle Angaben k\u00f6nnen ohne vorherige Ank\u00fcndigung erg\u00e4nzt, entfernt oder ge\u00e4ndert werden. Verlinkte Seiten unterliegen nicht unserer Kontrolle. In Bezug auf das Hamburger Landesgerichtsurteil vom 12. Mai 1998 distanzieren wir uns von den Inhalten aller folgenden hier verkn\u00fcpften (verlinkten) fremden Seiten. Diese Webseite und ihre Betreiber machen sich deren Inhalte nicht zu eigen. Wir haben keinen Einfluss auf Inhalt und Gestaltung der nachfolgend verlinkten Seiten und \u00fcbernehmen keine Gew\u00e4hrleistung f\u00fcr die Vollst\u00e4ndigkeit, Richtigkeit und Aktualit\u00e4t der verlinkten Seiten.<\/p>\n<div><\/div>\n<div><b>Keine Abmahnung ohne vorherigen Kontakt:<\/b><br \/>\nSollte der Inhalt oder die Aufmachung dieser Seiten fremde Rechte Dritter oder gesetzliche Bestimmungen verletzen, so bitten wir um eine entsprechende Nachricht ohne Kostennote. Wir garantieren, da\u00df die zu Recht beanstandeten Passagen unverz\u00fcglich entfernt werden, ohne da\u00df von Ihrer Seite die Einschaltung eines Rechtsbeistandes erforderlich ist. Dennoch von Ihnen ohne vorherige Kontaktaufnahme ausgel\u00f6ste Kosten werden wir im vollen Umfang zur\u00fcckweisen. Kosten verursachende Abmahnungen lehnen wir mit Hinweis auf das Schadensminderungsgesetz grunds\u00e4tzlich ab.<br \/>\n<b><br \/>\n<\/b><\/div>\n<p><b>Copyrights<\/b><br \/>\nDie auf dieser Website angebotenen Informationen, Fotos, Bilder, Grafiken, Dokumente, Layouts, Designs, und Programme unterliegen dem Copyright ihrer Ersteller.<\/p>\n","protected":false},"excerpt":{"rendered":"<p>Impressum Angaben gem\u00e4\u00df \u00a7 5 TMG: Stefan Vinitsky Thumbachstr. 18 92655 Grafenw\u00f6hr Telefon: 01608107212 Web: www.sv-performance.de E-Mail: info@sv-performance.de Gesch\u00e4ftsf\u00fchrer: Stefan Vinitsky Umsatzsteuer-Identifikationsnummer gem\u00e4\u00df \u00a7 27 a Umsatzsteuergesetz: DE291144947 Aufsichtsbeh\u00f6rde: Landratsamt Neustadt a.d. Waldnaab Haftungsausschluss \/ Disclaimer Die bereitgestellten Informationen auf dieser Website wurden sorgf\u00e4ltig gepr\u00fcft und werden regelm\u00e4\u00dfig aktualisiert. Jedoch kann keine Garantie daf\u00fcr \u00fcbernommen&hellip; <br \/> <a class=\"read-more\" href=\"https:\/\/sv-performance.de\/?page_id=162\">Read more<\/a><\/p>\n","protected":false},"author":1,"featured_media":0,"parent":0,"menu_order":4,"comment_status":"closed","ping_status":"closed","template":"","meta":{"footnotes":""},"class_list":["post-162","page","type-page","status-publish","hentry"],"_links":{"self":[{"href":"https:\/\/sv-performance.de\/index.php?rest_route=\/wp\/v2\/pages\/162","targetHints":{"allow":["GET"]}}],"collection":[{"href":"https:\/\/sv-performance.de\/index.php?rest_route=\/wp\/v2\/pages"}],"about":[{"href":"https:\/\/sv-performance.de\/index.php?rest_route=\/wp\/v2\/types\/page"}],"author":[{"embeddable":true,"href":"https:\/\/sv-performance.de\/index.php?rest_route=\/wp\/v2\/users\/1"}],"replies":[{"embeddable":true,"href":"https:\/\/sv-performance.de\/index.php?rest_route=%2Fwp%2Fv2%2Fcomments&post=162"}],"version-history":[{"count":4,"href":"https:\/\/sv-performance.de\/index.php?rest_route=\/wp\/v2\/pages\/162\/revisions"}],"predecessor-version":[{"id":232,"href":"https:\/\/sv-performance.de\/index.php?rest_route=\/wp\/v2\/pages\/162\/revisions\/232"}],"wp:attachment":[{"href":"https:\/\/sv-performance.de\/index.php?rest_route=%2Fwp%2Fv2%2Fmedia&parent=162"}],"curies":[{"name":"wp","href":"https:\/\/api.w.org\/{rel}","templated":true}]}}